{"id":56,"date":"2020-01-30T22:29:19","date_gmt":"2020-01-30T22:29:19","guid":{"rendered":"http:\/\/junge-buerger-donauwoerth.de\/?page_id=56"},"modified":"2026-02-12T15:30:25","modified_gmt":"2026-02-12T15:30:25","slug":"social-media","status":"publish","type":"page","link":"http:\/\/junge-buerger-donauwoerth.de\/?page_id=56","title":{"rendered":"Kontakt"},"content":{"rendered":"<p>Verantwortlich f\u00fcr den Inhalt der Seite:<\/p>\n<p>Aktive Liste \/ Junge B\u00fcrger Donauw\u00f6rth<br \/>\nHauselbergstra\u00dfe 14<br \/>\n86609 Donauw\u00f6rth<\/p>\n<p>Sie k\u00f6nnen uns gerne pers\u00f6nlich, postalisch, per Mail oder Social Media gerne kontaktieren. Wir nehmen uns gerne Ihren Anliegen an!<\/p>\n","protected":false},"excerpt":{"rendered":"<p>Verantwortlich f\u00fcr den Inhalt der Seite: Aktive Liste \/ Junge B\u00fcrger Donauw\u00f6rth Hauselbergstra\u00dfe 14 86609 Donauw\u00f6rth Sie k\u00f6nnen uns gerne pers\u00f6nlich, postalisch, per Mail oder Social Media gerne kontaktieren. Wir nehmen uns gerne Ihren Anliegen an!<\/p>\n","protected":false},"author":1,"featured_media":0,"parent":0,"menu_order":0,"comment_status":"closed","ping_status":"closed","template":"","meta":{"footnotes":""},"class_list":["post-56","page","type-page","status-publish","hentry"],"jetpack_sharing_enabled":true,"_links":{"self":[{"href":"http:\/\/junge-buerger-donauwoerth.de\/index.php?rest_route=\/wp\/v2\/pages\/56","targetHints":{"allow":["GET"]}}],"collection":[{"href":"http:\/\/junge-buerger-donauwoerth.de\/index.php?rest_route=\/wp\/v2\/pages"}],"about":[{"href":"http:\/\/junge-buerger-donauwoerth.de\/index.php?rest_route=\/wp\/v2\/types\/page"}],"author":[{"embeddable":true,"href":"http:\/\/junge-buerger-donauwoerth.de\/index.php?rest_route=\/wp\/v2\/users\/1"}],"replies":[{"embeddable":true,"href":"http:\/\/junge-buerger-donauwoerth.de\/index.php?rest_route=%2Fwp%2Fv2%2Fcomments&post=56"}],"version-history":[{"count":7,"href":"http:\/\/junge-buerger-donauwoerth.de\/index.php?rest_route=\/wp\/v2\/pages\/56\/revisions"}],"predecessor-version":[{"id":144,"href":"http:\/\/junge-buerger-donauwoerth.de\/index.php?rest_route=\/wp\/v2\/pages\/56\/revisions\/144"}],"wp:attachment":[{"href":"http:\/\/junge-buerger-donauwoerth.de\/index.php?rest_route=%2Fwp%2Fv2%2Fmedia&parent=56"}],"curies":[{"name":"wp","href":"https:\/\/api.w.org\/{rel}","templated":true}]}}